{"id":8,"date":"2011-03-25T13:26:50","date_gmt":"2011-03-25T13:26:50","guid":{"rendered":"http:\/\/www.karkkilankunto.net\/?page_id=8"},"modified":"2026-03-07T19:51:55","modified_gmt":"2026-03-07T16:51:55","slug":"liikuntaryhmat","status":"publish","type":"page","link":"https:\/\/karkkilankunto.net\/?page_id=8","title":{"rendered":"Liikuntaryhm\u00e4t"},"content":{"rendered":"<p><strong>Tule&#8217;s Samba<\/strong><\/p>\n<p>Tule&#8217;s Samba on nivelyst\u00e4v\u00e4llist\u00e4 liikuntaa karnevaalisamban, samba-reggaen ja afrobrasilialaisen musiikin tahtiin. Tunneilla tehd\u00e4\u00e4n my\u00f6s lihaskunto-, liikkuvuus-, hengitys- ja kehotietoisuusharjoituksia.<\/p>\n<p><img loading=\"lazy\" decoding=\"async\" class=\"alignleft wp-image-85\" title=\"liikunta\" src=\"https:\/\/karkkilankunto.net\/wp-content\/uploads\/liikunta.jpg\" alt=\"\" width=\"269\" height=\"184\" \/><\/p>\n<p>Kaudella 2025-2026 samban tahdissa liikutaan ty\u00f6v\u00e4enopiston tunneilla kes\u00e4kuuhun asti. Ilmoittautuminen tunneille k\u00e4y Karkkilan ty\u00f6v\u00e4enopiston kautta.<\/p>\n<p>Kev\u00e4\u00e4n aikana harjoittelemme Sambicin tanssikoulun kulkueen bahiatyylin koreografioita ja osallistumme sambakarnevaaleille. Tervetuloa mukaan!<\/p>\n<p><a href=\"http:\/\/www.sambic.com\/\" target=\"_blank\" rel=\"noopener noreferrer\">Lue lis\u00e4\u00e4 Tule&#8217;s Sambasta!<\/a><\/p>\n","protected":false},"excerpt":{"rendered":"<p>Tule&#8217;s Samba Tule&#8217;s Samba on nivelyst\u00e4v\u00e4llist\u00e4 liikuntaa karnevaalisamban, samba-reggaen ja afrobrasilialaisen musiikin tahtiin. Tunneilla tehd\u00e4\u00e4n my\u00f6s lihaskunto-, liikkuvuus-, hengitys- ja kehotietoisuusharjoituksia. Kaudella 2025-2026 samban tahdissa liikutaan ty\u00f6v\u00e4enopiston tunneilla kes\u00e4kuuhun asti. Ilmoittautuminen tunneille k\u00e4y Karkkilan ty\u00f6v\u00e4enopiston kautta. Kev\u00e4\u00e4n aikana harjoittelemme Sambicin tanssikoulun kulkueen bahiatyylin koreografioita ja osallistumme sambakarnevaaleille. Tervetuloa mukaan! Lue lis\u00e4\u00e4 Tule&#8217;s Sambasta!<\/p>\n","protected":false},"author":1,"featured_media":0,"parent":0,"menu_order":4,"comment_status":"closed","ping_status":"closed","template":"","meta":{"footnotes":""},"class_list":["post-8","page","type-page","status-publish","hentry"],"_links":{"self":[{"href":"https:\/\/karkkilankunto.net\/index.php?rest_route=\/wp\/v2\/pages\/8","targetHints":{"allow":["GET"]}}],"collection":[{"href":"https:\/\/karkkilankunto.net\/index.php?rest_route=\/wp\/v2\/pages"}],"about":[{"href":"https:\/\/karkkilankunto.net\/index.php?rest_route=\/wp\/v2\/types\/page"}],"author":[{"embeddable":true,"href":"https:\/\/karkkilankunto.net\/index.php?rest_route=\/wp\/v2\/users\/1"}],"replies":[{"embeddable":true,"href":"https:\/\/karkkilankunto.net\/index.php?rest_route=%2Fwp%2Fv2%2Fcomments&post=8"}],"version-history":[{"count":28,"href":"https:\/\/karkkilankunto.net\/index.php?rest_route=\/wp\/v2\/pages\/8\/revisions"}],"predecessor-version":[{"id":245,"href":"https:\/\/karkkilankunto.net\/index.php?rest_route=\/wp\/v2\/pages\/8\/revisions\/245"}],"wp:attachment":[{"href":"https:\/\/karkkilankunto.net\/index.php?rest_route=%2Fwp%2Fv2%2Fmedia&parent=8"}],"curies":[{"name":"wp","href":"https:\/\/api.w.org\/{rel}","templated":true}]}}