{"id":213,"date":"2023-09-13T12:55:11","date_gmt":"2023-09-13T09:55:11","guid":{"rendered":"http:\/\/www.karkkilankunto.net\/?page_id=213"},"modified":"2025-10-14T22:23:56","modified_gmt":"2025-10-14T19:23:56","slug":"sahkoinen-ajanvaraus","status":"publish","type":"page","link":"https:\/\/karkkilankunto.net\/?page_id=213","title":{"rendered":"Ajanvaraus"},"content":{"rendered":"<p>Yhteystiedot kun varaat aikaa soittamalla tai s\u00e4hk\u00f6postilla:<\/p>\n<p>Venla Saari p.0504130424<\/p>\n<p>venla.saari@kolumbus.fi<\/p>\n<p>Osoite: Valtatie 12, 03600 Karkkila<\/p>\n<p>&nbsp;<\/p>\n<p>S\u00e4hk\u00f6inen ajanvaraus:<\/p>\n<p><a href=\"http:\/\/www.vello.fi\/karkkilan-kunto\">Siirry ajanvaraukseen t\u00e4st\u00e4<\/a><\/p>\n","protected":false},"excerpt":{"rendered":"<p>Yhteystiedot kun varaat aikaa soittamalla tai s\u00e4hk\u00f6postilla: Venla Saari p.0504130424 venla.saari@kolumbus.fi Osoite: Valtatie 12, 03600 Karkkila &nbsp; S\u00e4hk\u00f6inen ajanvaraus: Siirry ajanvaraukseen t\u00e4st\u00e4<\/p>\n","protected":false},"author":2,"featured_media":0,"parent":0,"menu_order":0,"comment_status":"closed","ping_status":"closed","template":"","meta":{"footnotes":""},"class_list":["post-213","page","type-page","status-publish","hentry"],"_links":{"self":[{"href":"https:\/\/karkkilankunto.net\/index.php?rest_route=\/wp\/v2\/pages\/213","targetHints":{"allow":["GET"]}}],"collection":[{"href":"https:\/\/karkkilankunto.net\/index.php?rest_route=\/wp\/v2\/pages"}],"about":[{"href":"https:\/\/karkkilankunto.net\/index.php?rest_route=\/wp\/v2\/types\/page"}],"author":[{"embeddable":true,"href":"https:\/\/karkkilankunto.net\/index.php?rest_route=\/wp\/v2\/users\/2"}],"replies":[{"embeddable":true,"href":"https:\/\/karkkilankunto.net\/index.php?rest_route=%2Fwp%2Fv2%2Fcomments&post=213"}],"version-history":[{"count":4,"href":"https:\/\/karkkilankunto.net\/index.php?rest_route=\/wp\/v2\/pages\/213\/revisions"}],"predecessor-version":[{"id":236,"href":"https:\/\/karkkilankunto.net\/index.php?rest_route=\/wp\/v2\/pages\/213\/revisions\/236"}],"wp:attachment":[{"href":"https:\/\/karkkilankunto.net\/index.php?rest_route=%2Fwp%2Fv2%2Fmedia&parent=213"}],"curies":[{"name":"wp","href":"https:\/\/api.w.org\/{rel}","templated":true}]}}