{"id":2,"date":"2011-03-22T20:16:43","date_gmt":"2011-03-22T20:16:43","guid":{"rendered":"http:\/\/www.karkkilankunto.net\/?page_id=2"},"modified":"2025-10-14T22:31:46","modified_gmt":"2025-10-14T19:31:46","slug":"sample-page","status":"publish","type":"page","link":"https:\/\/karkkilankunto.net\/","title":{"rendered":"Fysioterapia"},"content":{"rendered":"<p>Fysioterapiapalveluihin kuuluvat tuki- ja liikuntaelinasiakkaiden fysioterapia, neurologinen kuntoutus ja ik\u00e4\u00e4ntyvien kuntoutus (esimerkiksi veteraanit). Teemme kotik\u00e4yntej\u00e4 Vihdin ja Karkkilan alueeella.<\/p>\n<p>Fysioterapian tavoitteena on kivun v\u00e4hent\u00e4minen, asiakkaan liikkumisen tukeminen ja hyv\u00e4n olon sek\u00e4 uusien mahdollisuuksien l\u00f6yt\u00e4minen.<\/p>\n<p>Esim. laitehoidot (ultra\u00e4\u00e4nihoito\/ Tens), l\u00e4mp\u00f6- ja kylm\u00e4hoidot, kinesioteippaus kuuluvat tarvittaessa fysioterapiaan tai niit\u00e4 voidaan antaa erillisin\u00e4 hoitoina.<\/p>\n<p>Jo vuodesta 2011 l\u00e4htien valikoimassamme\u00a0 ovat olleet Medin yksil\u00f6lliset l\u00e4\u00e4kinn\u00e4lliset tukisukat ja -hihat. Tule mittaukseen!\u00a0 <a href=\"http:\/\/www.mekalasi.fi\">www.mekalasi.fi<\/a><\/p>\n<p>&nbsp;<\/p>\n","protected":false},"excerpt":{"rendered":"<p>Fysioterapiapalveluihin kuuluvat tuki- ja liikuntaelinasiakkaiden fysioterapia, neurologinen kuntoutus ja ik\u00e4\u00e4ntyvien kuntoutus (esimerkiksi veteraanit). Teemme kotik\u00e4yntej\u00e4 Vihdin ja Karkkilan alueeella. Fysioterapian tavoitteena on kivun v\u00e4hent\u00e4minen, asiakkaan liikkumisen tukeminen ja hyv\u00e4n olon sek\u00e4 uusien mahdollisuuksien l\u00f6yt\u00e4minen. Esim. laitehoidot (ultra\u00e4\u00e4nihoito\/ Tens), l\u00e4mp\u00f6- ja kylm\u00e4hoidot, kinesioteippaus kuuluvat tarvittaessa fysioterapiaan tai niit\u00e4 voidaan antaa erillisin\u00e4 hoitoina. Jo vuodesta 2011 l\u00e4htien [&hellip;]<\/p>\n","protected":false},"author":1,"featured_media":164,"parent":0,"menu_order":1,"comment_status":"closed","ping_status":"closed","template":"","meta":{"footnotes":""},"class_list":["post-2","page","type-page","status-publish","has-post-thumbnail","hentry"],"_links":{"self":[{"href":"https:\/\/karkkilankunto.net\/index.php?rest_route=\/wp\/v2\/pages\/2","targetHints":{"allow":["GET"]}}],"collection":[{"href":"https:\/\/karkkilankunto.net\/index.php?rest_route=\/wp\/v2\/pages"}],"about":[{"href":"https:\/\/karkkilankunto.net\/index.php?rest_route=\/wp\/v2\/types\/page"}],"author":[{"embeddable":true,"href":"https:\/\/karkkilankunto.net\/index.php?rest_route=\/wp\/v2\/users\/1"}],"replies":[{"embeddable":true,"href":"https:\/\/karkkilankunto.net\/index.php?rest_route=%2Fwp%2Fv2%2Fcomments&post=2"}],"version-history":[{"count":26,"href":"https:\/\/karkkilankunto.net\/index.php?rest_route=\/wp\/v2\/pages\/2\/revisions"}],"predecessor-version":[{"id":241,"href":"https:\/\/karkkilankunto.net\/index.php?rest_route=\/wp\/v2\/pages\/2\/revisions\/241"}],"wp:featuredmedia":[{"embeddable":true,"href":"https:\/\/karkkilankunto.net\/index.php?rest_route=\/wp\/v2\/media\/164"}],"wp:attachment":[{"href":"https:\/\/karkkilankunto.net\/index.php?rest_route=%2Fwp%2Fv2%2Fmedia&parent=2"}],"curies":[{"name":"wp","href":"https:\/\/api.w.org\/{rel}","templated":true}]}}