{"id":155,"date":"2017-04-23T14:28:04","date_gmt":"2017-04-23T11:28:04","guid":{"rendered":"http:\/\/www.karkkilankunto.net\/?page_id=155"},"modified":"2025-10-14T22:24:53","modified_gmt":"2025-10-14T19:24:53","slug":"tyontekijat","status":"publish","type":"page","link":"https:\/\/karkkilankunto.net\/?page_id=155","title":{"rendered":"Ty\u00f6ntekij\u00e4t"},"content":{"rendered":"<p><strong>Venla Saari, fysioterapeutti<\/strong> (valm. 2001 Laurea-AMK), ratsastusterapeutti-SRT (valm. 2011, Yp\u00e4j\u00e4n hevosopisto). Ty\u00f6kokemukseni fysioterapia-alalta; fysioterapeutin sijaisuudet Peijaksen sairaalassa ja Korpilammen kuntoutuskeskuksessa v. 2001, p\u00e4\u00e4toimisesti M\u00e4nts\u00e4l\u00e4n Fysioterapiassa 2002-2004, ammatinharjoittajana Hopeaniemen kuntoutuskeskuksessa 2004-2009, Karkkilan Kunnossa vuodesta 2009 eteenp\u00e4in, liikett\u00e4 olen pit\u00e4nyt vuodesta 2010. Ratsastusterapeutiksi valmistuttuani olen tehnyt ratsastusterapiaa kehitysvammaisten ja liikuntavammaisten lasten ja aikuisten parissa. Terapiahevosena toimii suomenhevostamma Lulu. Talli sijaitsee Vihdiss\u00e4. Olen k\u00e4ynyt neurologisen fysioterapian ja tules (tuki- ja liikuntaelinsairaudet)-puolen koulutuksia vuosien varrella, mm. C1-C2-kurssi (Somty), olkap\u00e4\u00e4n aktiivinen kuntoutus (Lahti amk), yl\u00e4raajan neuraalikudoksen mobilisointi (Lahden amk), Nilkka-jalkater\u00e4-t\u00e4ydennyskoulutus (Fysi),\u00a0 Bones for life ; feldenkrais-menetelm\u00e4 (Ruthy Alon, Helsinki), Terveet ja vaurioituneet isoaivolohkot (Marita Sandstr\u00f6m, Mahdollisuus lapselle ry),\u00a0 Tule\u00b4s Samba-ohjaajakoulutus (Sambic, Taina Kanerva), Kinesioteippauskoulutus (Helsinki), Fasciakoulutus (Helsinki).T\u00e4ss\u00e4 ty\u00f6ss\u00e4 syd\u00e4nt\u00e4ni l\u00e4hell\u00e4 on ihmisen kokonaisvaltainen hyvinvoinnin tukeminen jokaisen vahvuudet huomioiden. Teen mielell\u00e4ni ty\u00f6t\u00e4 sek\u00e4 neurologisen- ett\u00e4 tule\u00b4s-puolen asiakkaiden kanssa. Meill\u00e4 on paljon my\u00f6s ik\u00e4\u00e4ntyneit\u00e4 asiakkaita, ja teemme kotik\u00e4yntej\u00e4 tarvittaessa. Teen yhteisty\u00f6t\u00e4 Mekalasin kanssa jolta saa esim. laadukkaat tukisukat- ja hihat.<\/p>\n<p><strong>Marjo Mansokoski, fysioterapeutti\u00a0<\/strong> Olen valmistunut fysioterapeutiksi (AMK) vuonna 2009 ja itsen\u00e4isen\u00e4 ammatinharjoittajana olen toiminut toukokuusta 2016 l\u00e4htien. Fysioterapeuttina huomioin sek\u00e4 kehon ett\u00e4 mielen, haluan auttaa asiakkaitani voimaan hyvin kokonaisvaltaisesti.<br \/>\nErityisosaamisalaani on ik\u00e4\u00e4ntyneiden sek\u00e4 muistisairaiden fysioterapia ja liikunnanohjaus. My\u00f6s hoitoty\u00f6n ergonomiaohjaukset ja tasapaino, &#8211; sek\u00e4 terveysluennot luonnistuvat! Olen k\u00e4ynyt Ik\u00e4instituutin koulutuksia ik\u00e4\u00e4ntyneiden liikunta- ja tasapainoryhmien ohjaukseen, sek\u00e4 ty\u00f6hyvinvointikortti- ja ty\u00f6suojelun peruskoulutukset. Alkuvuodesta 2016 k\u00e4vin Kinetic Control &#8211; lis\u00e4koulutuksen, jossa paneuduttiin alasel\u00e4n ja lonkan liikekontrollih\u00e4iri\u00f6iden tunnistamiseen ja hoitoon.<br \/>\nMinun kauttani saat my\u00f6s laadukkaat aloe vera- tuotteet koko kehon hyvinvointiin!<\/p>\n<p>&nbsp;<\/p>\n","protected":false},"excerpt":{"rendered":"<p>Venla Saari, fysioterapeutti (valm. 2001 Laurea-AMK), ratsastusterapeutti-SRT (valm. 2011, Yp\u00e4j\u00e4n hevosopisto). Ty\u00f6kokemukseni fysioterapia-alalta; fysioterapeutin sijaisuudet Peijaksen sairaalassa ja Korpilammen kuntoutuskeskuksessa v. 2001, p\u00e4\u00e4toimisesti M\u00e4nts\u00e4l\u00e4n Fysioterapiassa 2002-2004, ammatinharjoittajana Hopeaniemen kuntoutuskeskuksessa 2004-2009, Karkkilan Kunnossa vuodesta 2009 eteenp\u00e4in, liikett\u00e4 olen pit\u00e4nyt vuodesta 2010. Ratsastusterapeutiksi valmistuttuani olen tehnyt ratsastusterapiaa kehitysvammaisten ja liikuntavammaisten lasten ja aikuisten parissa. Terapiahevosena toimii suomenhevostamma [&hellip;]<\/p>\n","protected":false},"author":1,"featured_media":0,"parent":0,"menu_order":0,"comment_status":"closed","ping_status":"closed","template":"","meta":{"footnotes":""},"class_list":["post-155","page","type-page","status-publish","hentry"],"_links":{"self":[{"href":"https:\/\/karkkilankunto.net\/index.php?rest_route=\/wp\/v2\/pages\/155","targetHints":{"allow":["GET"]}}],"collection":[{"href":"https:\/\/karkkilankunto.net\/index.php?rest_route=\/wp\/v2\/pages"}],"about":[{"href":"https:\/\/karkkilankunto.net\/index.php?rest_route=\/wp\/v2\/types\/page"}],"author":[{"embeddable":true,"href":"https:\/\/karkkilankunto.net\/index.php?rest_route=\/wp\/v2\/users\/1"}],"replies":[{"embeddable":true,"href":"https:\/\/karkkilankunto.net\/index.php?rest_route=%2Fwp%2Fv2%2Fcomments&post=155"}],"version-history":[{"count":8,"href":"https:\/\/karkkilankunto.net\/index.php?rest_route=\/wp\/v2\/pages\/155\/revisions"}],"predecessor-version":[{"id":237,"href":"https:\/\/karkkilankunto.net\/index.php?rest_route=\/wp\/v2\/pages\/155\/revisions\/237"}],"wp:attachment":[{"href":"https:\/\/karkkilankunto.net\/index.php?rest_route=%2Fwp%2Fv2%2Fmedia&parent=155"}],"curies":[{"name":"wp","href":"https:\/\/api.w.org\/{rel}","templated":true}]}}