{"id":10,"date":"2011-03-25T13:27:02","date_gmt":"2011-03-25T13:27:02","guid":{"rendered":"http:\/\/www.karkkilankunto.net\/?page_id=10"},"modified":"2025-10-14T22:34:08","modified_gmt":"2025-10-14T19:34:08","slug":"ratsastusterapia","status":"publish","type":"page","link":"https:\/\/karkkilankunto.net\/?page_id=10","title":{"rendered":"Ratsastusterapia"},"content":{"rendered":"<p>Ratsastusterapia on kokonaisvaltainen kuntoutusmuoto, jossa kuntoutuja, hevonen ja ratsastusterapeutti tekev\u00e4t yhdess\u00e4 t\u00f6it\u00e4 yksil\u00f6llisesti asetettujen tavoitteiden saavuttamiseksi.<\/p>\n<p>Ratsastusterapia lis\u00e4\u00e4 kuntoutujan fyysist\u00e4 toimintakyky\u00e4 ja kohentaa my\u00f6s h\u00e4nen psyykkisi\u00e4 valmiuksiaan sek\u00e4 mielen tasapainoa.<\/p>\n<p>Talli sijaitsee Vihdiss\u00e4. Terapiahevosena toimii suomenhevonen Lulu.<\/p>\n<p><img loading=\"lazy\" decoding=\"async\" class=\" wp-image-190\" src=\"https:\/\/karkkilankunto.net\/wp-content\/uploads\/IMG_20190614_162534-scaled.jpg\" alt=\"\" width=\"518\" height=\"389\" srcset=\"https:\/\/karkkilankunto.net\/wp-content\/uploads\/IMG_20190614_162534-scaled.jpg 2560w, https:\/\/karkkilankunto.net\/wp-content\/uploads\/IMG_20190614_162534-300x225.jpg 300w, https:\/\/karkkilankunto.net\/wp-content\/uploads\/IMG_20190614_162534-1024x768.jpg 1024w, https:\/\/karkkilankunto.net\/wp-content\/uploads\/IMG_20190614_162534-768x576.jpg 768w, https:\/\/karkkilankunto.net\/wp-content\/uploads\/IMG_20190614_162534-1536x1152.jpg 1536w, https:\/\/karkkilankunto.net\/wp-content\/uploads\/IMG_20190614_162534-2048x1536.jpg 2048w\" sizes=\"auto, (max-width: 518px) 100vw, 518px\" \/><\/p>\n<p>&nbsp;<\/p>\n","protected":false},"excerpt":{"rendered":"<p>Ratsastusterapia on kokonaisvaltainen kuntoutusmuoto, jossa kuntoutuja, hevonen ja ratsastusterapeutti tekev\u00e4t yhdess\u00e4 t\u00f6it\u00e4 yksil\u00f6llisesti asetettujen tavoitteiden saavuttamiseksi. Ratsastusterapia lis\u00e4\u00e4 kuntoutujan fyysist\u00e4 toimintakyky\u00e4 ja kohentaa my\u00f6s h\u00e4nen psyykkisi\u00e4 valmiuksiaan sek\u00e4 mielen tasapainoa. Talli sijaitsee Vihdiss\u00e4. Terapiahevosena toimii suomenhevonen Lulu. &nbsp;<\/p>\n","protected":false},"author":1,"featured_media":0,"parent":0,"menu_order":5,"comment_status":"closed","ping_status":"closed","template":"","meta":{"footnotes":""},"class_list":["post-10","page","type-page","status-publish","hentry"],"_links":{"self":[{"href":"https:\/\/karkkilankunto.net\/index.php?rest_route=\/wp\/v2\/pages\/10","targetHints":{"allow":["GET"]}}],"collection":[{"href":"https:\/\/karkkilankunto.net\/index.php?rest_route=\/wp\/v2\/pages"}],"about":[{"href":"https:\/\/karkkilankunto.net\/index.php?rest_route=\/wp\/v2\/types\/page"}],"author":[{"embeddable":true,"href":"https:\/\/karkkilankunto.net\/index.php?rest_route=\/wp\/v2\/users\/1"}],"replies":[{"embeddable":true,"href":"https:\/\/karkkilankunto.net\/index.php?rest_route=%2Fwp%2Fv2%2Fcomments&post=10"}],"version-history":[{"count":22,"href":"https:\/\/karkkilankunto.net\/index.php?rest_route=\/wp\/v2\/pages\/10\/revisions"}],"predecessor-version":[{"id":242,"href":"https:\/\/karkkilankunto.net\/index.php?rest_route=\/wp\/v2\/pages\/10\/revisions\/242"}],"wp:attachment":[{"href":"https:\/\/karkkilankunto.net\/index.php?rest_route=%2Fwp%2Fv2%2Fmedia&parent=10"}],"curies":[{"name":"wp","href":"https:\/\/api.w.org\/{rel}","templated":true}]}}